{"id":339,"date":"2016-02-05T17:11:40","date_gmt":"2016-02-05T17:11:40","guid":{"rendered":"https:\/\/aqtea.cl\/?page_id=339"},"modified":"2023-12-01T19:39:53","modified_gmt":"2023-12-01T19:39:53","slug":"ingenieria-vial-publica-2","status":"publish","type":"page","link":"https:\/\/aqtea.cl\/?page_id=339","title":{"rendered":"Ingenier\u00eda hidr\u00e1ulica"},"content":{"rendered":"<p>[et_pb_section fb_built=&#8221;1&#8243; custom_padding_last_edited=&#8221;on|desktop&#8221; admin_label=&#8221;section&#8221; _builder_version=&#8221;4.16&#8243; background_color=&#8221;rgba(255,255,255,0)&#8221; parallax=&#8221;on&#8221; parallax_method=&#8221;off&#8221; custom_padding_tablet=&#8221;50px|0|50px|0&#8243; transparent_background=&#8221;on&#8221; padding_mobile=&#8221;off&#8221; make_fullwidth=&#8221;off&#8221; use_custom_width=&#8221;off&#8221; width_unit=&#8221;on&#8221; global_colors_info=&#8221;{}&#8221; custom_padding_phone=&#8221;50px|0|50px|0&#8243;][et_pb_row admin_label=&#8221;row&#8221; _builder_version=&#8221;4.16&#8243; background_size=&#8221;initial&#8221; background_position=&#8221;top_left&#8221; background_repeat=&#8221;repeat&#8221; global_colors_info=&#8221;{}&#8221;][et_pb_column type=&#8221;4_4&#8243; _builder_version=&#8221;4.16&#8243; custom_padding=&#8221;|||&#8221; global_colors_info=&#8221;{}&#8221; custom_padding__hover=&#8221;|||&#8221;][et_pb_text admin_label=&#8221;Text&#8221; _builder_version=&#8221;4.16&#8243; background_size=&#8221;initial&#8221; background_position=&#8221;top_left&#8221; background_repeat=&#8221;repeat&#8221; use_border_color=&#8221;off&#8221; border_color=&#8221;#ffffff&#8221; border_style=&#8221;solid&#8221; global_colors_info=&#8221;{}&#8221;]&nbsp;<\/p>\n<h2>INGENIER\u00cdA HIDR\u00c1ULICA<\/h2>\n<p>&nbsp;<br \/>\n[\/et_pb_text][\/et_pb_column][\/et_pb_row][et_pb_row admin_label=&#8221;row&#8221; _builder_version=&#8221;4.16&#8243; background_size=&#8221;initial&#8221; background_position=&#8221;top_left&#8221; background_repeat=&#8221;repeat&#8221; global_colors_info=&#8221;{}&#8221; column_structure=&#8221;1_2,1_2&#8243;][et_pb_column type=&#8221;1_2&#8243; _builder_version=&#8221;4.16&#8243; custom_padding=&#8221;|||&#8221; global_colors_info=&#8221;{}&#8221; custom_padding__hover=&#8221;|||&#8221;][et_pb_image src=&#8221;https:\/\/aqtea.cl\/wp-content\/uploads\/2016\/02\/HB.jpg&#8221; show_in_lightbox=&#8221;on&#8221; align_tablet=&#8221;center&#8221; align_last_edited=&#8221;on|desktop&#8221; admin_label=&#8221;Image&#8221; _builder_version=&#8221;4.16&#8243; animation_style=&#8221;slide&#8221; animation_direction=&#8221;left&#8221; animation_duration=&#8221;500ms&#8221; animation_intensity_slide=&#8221;10%&#8221; use_border_color=&#8221;off&#8221; border_color=&#8221;#ffffff&#8221; border_style=&#8221;solid&#8221; animation=&#8221;left&#8221; sticky=&#8221;off&#8221; always_center_on_mobile=&#8221;on&#8221; global_colors_info=&#8221;{}&#8221; align_phone=&#8221;center&#8221;][\/et_pb_image][\/et_pb_column][et_pb_column type=&#8221;1_2&#8243; _builder_version=&#8221;4.16&#8243; custom_padding=&#8221;|||&#8221; global_colors_info=&#8221;{}&#8221; custom_padding__hover=&#8221;|||&#8221;][et_pb_text admin_label=&#8221;Text&#8221; _builder_version=&#8221;4.16&#8243; background_size=&#8221;initial&#8221; background_position=&#8221;top_left&#8221; background_repeat=&#8221;repeat&#8221; use_border_color=&#8221;off&#8221; border_color=&#8221;#ffffff&#8221; border_style=&#8221;solid&#8221; global_colors_info=&#8221;{}&#8221;]En esta \u00e1rea incluimos aquellos\u00a0<strong><em>dise\u00f1os hidr\u00e1ulicos\u00a0<\/em><\/strong>relacionados b\u00e1sicamente con\u00a0<strong><em>obras de\u00a0riego<\/em><\/strong>\u00a0para sistemas agr\u00edcolas. Entre otros, desarrollamos los siguientes tipos de proyectos:<\/p>\n<p>&nbsp;<\/p>\n<ul>\n<li>Sistema de almacenamiento (tranques).<\/li>\n<li>Dise\u00f1o de Canales, en diferentes materiales.<\/li>\n<li>Bocatomas.<\/li>\n<li>Marcos partidores.<\/li>\n<li>Captaci\u00f3n y elevaci\u00f3n mec\u00e1nica.<\/li>\n<li>Entubamientos de Canales.<\/li>\n<li>Atraviesos de caminos.<\/li>\n<li>Estudios de eje hidr\u00e1ulico.<\/li>\n<li>Diagn\u00f3stico Hidr\u00e1ulico de obras existentes.<\/li>\n<li>Sistemas de riego por goteo, aspersores, etc.<\/li>\n<\/ul>\n<p>[\/et_pb_text][\/et_pb_column][\/et_pb_row][\/et_pb_section][et_pb_section fb_built=&#8221;1&#8243; admin_label=&#8221;Section&#8221; _builder_version=&#8221;4.16&#8243; global_colors_info=&#8221;{}&#8221;][et_pb_row admin_label=&#8221;row&#8221; _builder_version=&#8221;4.16&#8243; background_size=&#8221;initial&#8221; background_position=&#8221;top_left&#8221; background_repeat=&#8221;repeat&#8221; global_colors_info=&#8221;{}&#8221;][et_pb_column type=&#8221;4_4&#8243; _builder_version=&#8221;4.16&#8243; custom_padding=&#8221;|||&#8221; global_colors_info=&#8221;{}&#8221; custom_padding__hover=&#8221;|||&#8221;][et_pb_text admin_label=&#8221;Text&#8221; _builder_version=&#8221;4.16&#8243; background_size=&#8221;initial&#8221; background_position=&#8221;top_left&#8221; background_repeat=&#8221;repeat&#8221; use_border_color=&#8221;off&#8221; border_color=&#8221;#ffffff&#8221; border_style=&#8221;solid&#8221; global_colors_info=&#8221;{}&#8221;]<\/p>\n<h2>Proyectos Hidr\u00e1ulicos<\/h2>\n<p>[\/et_pb_text][et_pb_text admin_label=&#8221;Text&#8221; _builder_version=&#8221;4.16&#8243; background_size=&#8221;initial&#8221; background_position=&#8221;top_left&#8221; background_repeat=&#8221;repeat&#8221; use_border_color=&#8221;off&#8221; border_color=&#8221;#ffffff&#8221; border_style=&#8221;solid&#8221; global_colors_info=&#8221;{}&#8221;]En esta \u00e1rea se incluyen todos aquellos proyectos relacionados con obras hidr\u00e1ulicas, tales como dise\u00f1o de canales, entubamientos, sistemas integrales de aguas lluvia, modelaciones hidr\u00e1ulicas, marcos partidores, embalses, etc.<\/p>\n<p>Estos proyectos se han desarrollado en diversas comunas del pa\u00eds y para distinto tipo de empresa, ya sea Empresas Agr\u00edcolas, Establecimientos Educacionales, Condominios, etc.<br \/>\n[\/et_pb_text][et_pb_portfolio fullwidth=&#8221;off&#8221; include_categories=&#8221;16&#8243; show_categories=&#8221;off&#8221; show_pagination=&#8221;off&#8221; admin_label=&#8221;Portfolio&#8221; _builder_version=&#8221;4.16&#8243; background_size=&#8221;initial&#8221; background_position=&#8221;top_left&#8221; background_repeat=&#8221;repeat&#8221; use_border_color=&#8221;off&#8221; border_color=&#8221;#ffffff&#8221; border_style=&#8221;solid&#8221; global_colors_info=&#8221;{}&#8221;][\/et_pb_portfolio][\/et_pb_column][\/et_pb_row][\/et_pb_section][et_pb_section fb_built=&#8221;1&#8243; admin_label=&#8221;section&#8221; _builder_version=&#8221;4.16&#8243; global_colors_info=&#8221;{}&#8221; global_module=&#8221;696&#8243; theme_builder_area=&#8221;post_content&#8221;][et_pb_row column_structure=&#8221;1_2,1_2&#8243; admin_label=&#8221;row&#8221; _builder_version=&#8221;4.16&#8243; background_size=&#8221;initial&#8221; background_position=&#8221;top_left&#8221; background_repeat=&#8221;repeat&#8221; global_colors_info=&#8221;{}&#8221; theme_builder_area=&#8221;post_content&#8221;][et_pb_column type=&#8221;1_2&#8243; _builder_version=&#8221;4.16&#8243; custom_padding=&#8221;|||&#8221; global_colors_info=&#8221;{}&#8221; custom_padding__hover=&#8221;|||&#8221; theme_builder_area=&#8221;post_content&#8221;][et_pb_text admin_label=&#8221;Text&#8221; _builder_version=&#8221;4.16&#8243; background_size=&#8221;initial&#8221; background_position=&#8221;top_left&#8221; background_repeat=&#8221;repeat&#8221; text_orientation=&#8221;center&#8221; module_alignment=&#8221;center&#8221; use_border_color=&#8221;off&#8221; border_color=&#8221;#ffffff&#8221; border_style=&#8221;solid&#8221; global_colors_info=&#8221;{}&#8221; theme_builder_area=&#8221;post_content&#8221;]<\/p>\n<h1 style=\"text-align: left;\">Cont\u00e1ctenos<\/h1>\n<p style=\"text-align: center;\">\n[\/et_pb_text][et_pb_contact_form email=&#8221;maral@aqtea.cl&#8221; custom_message=&#8221;Nombre: %%Name%%||et_pb_line_break_holder||Email: %%Email%%||et_pb_line_break_holder||Mensaje; %%Message%%&#8221; success_message=&#8221;Su mensaje ha sido enviado con \u00e9xito. Pronto lo contactaremos.&#8221; submit_button_text=&#8221;Enviar&#8221; admin_label=&#8221;Contact Form&#8221; _builder_version=&#8221;4.23.1&#8243; _unique_id=&#8221;a666c252-964e-4d87-8f93-704ed67ab4e0&#8243; use_border_color=&#8221;off&#8221; border_color=&#8221;#ffffff&#8221; border_style=&#8221;solid&#8221; global_colors_info=&#8221;{}&#8221; theme_builder_area=&#8221;post_content&#8221;][et_pb_contact_field field_id=&#8221;Name&#8221; field_title=&#8221;Nombre&#8221; _builder_version=&#8221;4.23.1&#8243; global_colors_info=&#8221;{}&#8221; button_text_size__hover_enabled=&#8221;off&#8221; button_one_text_size__hover_enabled=&#8221;off&#8221; button_two_text_size__hover_enabled=&#8221;off&#8221; button_text_color__hover_enabled=&#8221;off&#8221; button_one_text_color__hover_enabled=&#8221;off&#8221; button_two_text_color__hover_enabled=&#8221;off&#8221; button_border_width__hover_enabled=&#8221;off&#8221; button_one_border_width__hover_enabled=&#8221;off&#8221; button_two_border_width__hover_enabled=&#8221;off&#8221; button_border_color__hover_enabled=&#8221;off&#8221; button_one_border_color__hover_enabled=&#8221;off&#8221; button_two_border_color__hover_enabled=&#8221;off&#8221; button_border_radius__hover_enabled=&#8221;off&#8221; button_one_border_radius__hover_enabled=&#8221;off&#8221; button_two_border_radius__hover_enabled=&#8221;off&#8221; button_letter_spacing__hover_enabled=&#8221;off&#8221; button_one_letter_spacing__hover_enabled=&#8221;off&#8221; button_two_letter_spacing__hover_enabled=&#8221;off&#8221; button_bg_color__hover_enabled=&#8221;off&#8221; button_one_bg_color__hover_enabled=&#8221;off&#8221; button_two_bg_color__hover_enabled=&#8221;off&#8221; theme_builder_area=&#8221;post_content&#8221;][\/et_pb_contact_field][et_pb_contact_field field_id=&#8221;Email&#8221; field_title=&#8221;Email&#8221; field_type=&#8221;email&#8221; _builder_version=&#8221;4.23.1&#8243; global_colors_info=&#8221;{}&#8221; button_text_size__hover_enabled=&#8221;off&#8221; button_one_text_size__hover_enabled=&#8221;off&#8221; button_two_text_size__hover_enabled=&#8221;off&#8221; button_text_color__hover_enabled=&#8221;off&#8221; button_one_text_color__hover_enabled=&#8221;off&#8221; button_two_text_color__hover_enabled=&#8221;off&#8221; button_border_width__hover_enabled=&#8221;off&#8221; button_one_border_width__hover_enabled=&#8221;off&#8221; button_two_border_width__hover_enabled=&#8221;off&#8221; button_border_color__hover_enabled=&#8221;off&#8221; button_one_border_color__hover_enabled=&#8221;off&#8221; button_two_border_color__hover_enabled=&#8221;off&#8221; button_border_radius__hover_enabled=&#8221;off&#8221; button_one_border_radius__hover_enabled=&#8221;off&#8221; button_two_border_radius__hover_enabled=&#8221;off&#8221; button_letter_spacing__hover_enabled=&#8221;off&#8221; button_one_letter_spacing__hover_enabled=&#8221;off&#8221; button_two_letter_spacing__hover_enabled=&#8221;off&#8221; button_bg_color__hover_enabled=&#8221;off&#8221; button_one_bg_color__hover_enabled=&#8221;off&#8221; button_two_bg_color__hover_enabled=&#8221;off&#8221; theme_builder_area=&#8221;post_content&#8221;][\/et_pb_contact_field][et_pb_contact_field field_id=&#8221;Message&#8221; field_title=&#8221;Mensaje&#8221; field_type=&#8221;text&#8221; fullwidth_field=&#8221;on&#8221; _builder_version=&#8221;4.23.1&#8243; global_colors_info=&#8221;{}&#8221; button_text_size__hover_enabled=&#8221;off&#8221; button_one_text_size__hover_enabled=&#8221;off&#8221; button_two_text_size__hover_enabled=&#8221;off&#8221; button_text_color__hover_enabled=&#8221;off&#8221; button_one_text_color__hover_enabled=&#8221;off&#8221; button_two_text_color__hover_enabled=&#8221;off&#8221; button_border_width__hover_enabled=&#8221;off&#8221; button_one_border_width__hover_enabled=&#8221;off&#8221; button_two_border_width__hover_enabled=&#8221;off&#8221; button_border_color__hover_enabled=&#8221;off&#8221; button_one_border_color__hover_enabled=&#8221;off&#8221; button_two_border_color__hover_enabled=&#8221;off&#8221; button_border_radius__hover_enabled=&#8221;off&#8221; button_one_border_radius__hover_enabled=&#8221;off&#8221; button_two_border_radius__hover_enabled=&#8221;off&#8221; button_letter_spacing__hover_enabled=&#8221;off&#8221; button_one_letter_spacing__hover_enabled=&#8221;off&#8221; button_two_letter_spacing__hover_enabled=&#8221;off&#8221; button_bg_color__hover_enabled=&#8221;off&#8221; button_one_bg_color__hover_enabled=&#8221;off&#8221; button_two_bg_color__hover_enabled=&#8221;off&#8221; theme_builder_area=&#8221;post_content&#8221;][\/et_pb_contact_field][\/et_pb_contact_form][\/et_pb_column][et_pb_column type=&#8221;1_2&#8243; _builder_version=&#8221;4.16&#8243; custom_padding=&#8221;|||&#8221; global_colors_info=&#8221;{}&#8221; custom_padding__hover=&#8221;|||&#8221; theme_builder_area=&#8221;post_content&#8221;][et_pb_text admin_label=&#8221;Text&#8221; _builder_version=&#8221;4.23.1&#8243; background_size=&#8221;initial&#8221; background_position=&#8221;top_left&#8221; background_repeat=&#8221;repeat&#8221; use_border_color=&#8221;off&#8221; border_color=&#8221;#ffffff&#8221; border_style=&#8221;solid&#8221; global_colors_info=&#8221;{}&#8221; theme_builder_area=&#8221;post_content&#8221;]<\/p>\n<h3>M\u00e1s Informaci\u00f3n<\/h3>\n<p><strong>Horario de atenci\u00f3n:<\/strong> 9:00 am-17:00 pm<\/p>\n<p>[\/et_pb_text][\/et_pb_column][\/et_pb_row][\/et_pb_section]<\/p>\n","protected":false},"excerpt":{"rendered":"<p>&nbsp; INGENIER\u00cdA HIDR\u00c1ULICA &nbsp; En esta \u00e1rea incluimos aquellos\u00a0dise\u00f1os hidr\u00e1ulicos\u00a0relacionados b\u00e1sicamente con\u00a0obras de\u00a0riego\u00a0para sistemas agr\u00edcolas. Entre otros, desarrollamos los siguientes tipos de proyectos: &nbsp; Sistema de almacenamiento (tranques). Dise\u00f1o de Canales, en diferentes materiales. Bocatomas. Marcos partidores. Captaci\u00f3n y elevaci\u00f3n mec\u00e1nica. Entubamientos de Canales. Atraviesos de caminos. Estudios de eje hidr\u00e1ulico. Diagn\u00f3stico Hidr\u00e1ulico de obras [&hellip;]<\/p>\n","protected":false},"author":1,"featured_media":0,"parent":0,"menu_order":0,"comment_status":"open","ping_status":"closed","template":"","meta":{"_et_pb_use_builder":"on","_et_pb_old_content":"<p>[et_pb_section admin_label=\"section\" background_color=\"#ffffff\" inner_shadow=\"off\" parallax=\"on\" transparent_background=\"off\" allow_player_pause=\"off\" parallax_method=\"off\" padding_mobile=\"off\" make_fullwidth=\"off\" use_custom_width=\"off\" width_unit=\"on\" make_equal=\"off\" use_custom_gutter=\"off\"][et_pb_row admin_label=\"row\"][et_pb_column type=\"4_4\"][et_pb_text admin_label=\"Text\" background_layout=\"light\" text_orientation=\"left\" use_border_color=\"off\" border_color=\"#ffffff\" border_style=\"solid\"]<\/p><h2>INGENIER\u00cdA VIAL PUBLICA<\/h2><p>[\/et_pb_text][\/et_pb_column][\/et_pb_row][et_pb_row admin_label=\"row\"][et_pb_column type=\"1_2\"][et_pb_image admin_label=\"Image\" src=\"http:\/\/www.minimalmaqueta.cl\/aqtea\/wp-content\/uploads\/2015\/08\/IMG-20140306-00371.jpg\" show_in_lightbox=\"on\" url_new_window=\"off\" animation=\"left\" sticky=\"off\" align=\"left\" force_fullwidth=\"off\" always_center_on_mobile=\"on\" use_border_color=\"off\" border_color=\"#ffffff\" border_style=\"solid\"] [\/et_pb_image][\/et_pb_column][et_pb_column type=\"1_2\"][et_pb_text admin_label=\"Text\" background_layout=\"light\" text_orientation=\"left\" use_border_color=\"off\" border_color=\"#ffffff\" border_style=\"solid\"]<\/p><p>Se refiere a aquellos proyectos desarrollados para particulares o para instituciones p\u00fablicas\u00a0que requieren aprobaci\u00f3n en organismos sectoriales, tales como, SERVIU, Direcci\u00f3n de Vialidad, Direcci\u00f3n de Obras Hidr\u00e1ulicas (DOH), Municipalidades, etc. De esta forma realizamos los siguientes tipos de proyectos:Proyecto de Calles P\u00fablicas. Incluye soluci\u00f3n de aguas lluvias.<\/p><p>\u00a0<br \/> Proyectos de Accesos Vehiculares y veredas en frente predial.<br \/> Proyectos de Ensanches.<br \/> Proyecto de Rotura y Reposici\u00f3n de Pavimentos.<br \/> Medidas de Mitigaci\u00f3n, generadas en un EISTU.<br \/> Soluciones de Aguas lluvias para calles existentes.<br \/> Proyectos de Descargas de aguas lluvias a cauces y\/o colectores p\u00fablicos con aprobaci\u00f3n en la DGA y\/o DOH.<\/p><p>[\/et_pb_text][\/et_pb_column][\/et_pb_row][et_pb_row admin_label=\"row\"][et_pb_column type=\"1_4\"][et_pb_blurb admin_label=\"Blurb\" title=\"Ac\u00e1 van los productos\" url_new_window=\"off\" animation=\"top\" background_layout=\"dark\" text_orientation=\"center\" use_icon=\"on\" use_circle=\"on\" circle_color=\"#0d2035\" use_circle_border=\"off\" circle_border_color=\"#2caaca\" icon_placement=\"top\" font_icon=\"%%93%%\" icon_color=\"#dd3333\" use_icon_font_size=\"off\" use_border_color=\"off\" border_color=\"#ffffff\" border_style=\"solid\"]<\/p><p>Divi will change the way you build websites forever. The advanced page builder makes it possible to build truly dynamic pages without learning code.<\/p><p>[\/et_pb_blurb][\/et_pb_column][et_pb_column type=\"1_4\"][et_pb_blurb admin_label=\"Blurb\" title=\"Key Elements\" url_new_window=\"off\" animation=\"top\" background_layout=\"dark\" text_orientation=\"center\" use_icon=\"on\" use_circle=\"on\" circle_color=\"#0d2035\" use_circle_border=\"off\" circle_border_color=\"#2caaca\" icon_placement=\"top\" font_icon=\"\ue001\" icon_color=\"#2ad4e0\"]<\/p><p>The builder comes packed with tons of great modules, and more are on the way! Combine and arrange them in any order. The possibilities are countless.<\/p><p>[\/et_pb_blurb][\/et_pb_column][et_pb_column type=\"1_4\"][et_pb_blurb admin_label=\"Blurb\" title=\"Target Audience\" url_new_window=\"off\" animation=\"top\" background_layout=\"dark\" text_orientation=\"center\" use_icon=\"on\" icon_color=\"#9633e8\" use_circle=\"on\" circle_color=\"#0d2035\" use_circle_border=\"off\" circle_border_color=\"#2caaca\" icon_placement=\"top\" font_icon=\"\ue0f5\"]<\/p><p>Divi\u2019s layout has been designed with mobile devices in mind. No matter how you use it, and no matter how you view it, your website is going to look great.<\/p><p>[\/et_pb_blurb][\/et_pb_column][et_pb_column type=\"1_4\"][et_pb_blurb admin_label=\"Blurb\" title=\"Strategy\" url_new_window=\"off\" image=\"http:\/\/elegantthemes.com\/preview\/Divi2\/wp-content\/uploads\/2014\/04\/blurb-icon-updates.png\" animation=\"top\" background_layout=\"dark\" text_orientation=\"center\" use_icon=\"on\" icon_color=\"#d85fd6\" use_circle=\"on\" circle_color=\"#0d2035\" use_circle_border=\"off\" circle_border_color=\"#2caaca\" icon_placement=\"top\" font_icon=\"\ue0f8\"]<\/p><p>Divi is here to stay, and you can rest easy knowing that our team will be updating and improving it for years to come. Build on top of a powerful foundation.<\/p><p>[\/et_pb_blurb][\/et_pb_column][\/et_pb_row][\/et_pb_section]<\/p>","_et_gb_content_width":"","footnotes":""},"_links":{"self":[{"href":"https:\/\/aqtea.cl\/index.php?rest_route=\/wp\/v2\/pages\/339"}],"collection":[{"href":"https:\/\/aqtea.cl\/index.php?rest_route=\/wp\/v2\/pages"}],"about":[{"href":"https:\/\/aqtea.cl\/index.php?rest_route=\/wp\/v2\/types\/page"}],"author":[{"embeddable":true,"href":"https:\/\/aqtea.cl\/index.php?rest_route=\/wp\/v2\/users\/1"}],"replies":[{"embeddable":true,"href":"https:\/\/aqtea.cl\/index.php?rest_route=%2Fwp%2Fv2%2Fcomments&post=339"}],"version-history":[{"count":11,"href":"https:\/\/aqtea.cl\/index.php?rest_route=\/wp\/v2\/pages\/339\/revisions"}],"predecessor-version":[{"id":703,"href":"https:\/\/aqtea.cl\/index.php?rest_route=\/wp\/v2\/pages\/339\/revisions\/703"}],"wp:attachment":[{"href":"https:\/\/aqtea.cl\/index.php?rest_route=%2Fwp%2Fv2%2Fmedia&parent=339"}],"curies":[{"name":"wp","href":"https:\/\/api.w.org\/{rel}","templated":true}]}}