{"id":323,"date":"2016-02-05T14:06:15","date_gmt":"2016-02-05T14:06:15","guid":{"rendered":"https:\/\/aqtea.cl\/?page_id=323"},"modified":"2023-12-01T19:46:41","modified_gmt":"2023-12-01T19:46:41","slug":"ingenieria-sanitaria-publica","status":"publish","type":"page","link":"https:\/\/aqtea.cl\/?page_id=323","title":{"rendered":"Ingenier\u00eda sanitaria"},"content":{"rendered":"<p>[et_pb_section fb_built=&#8221;1&#8243; custom_padding_last_edited=&#8221;on|desktop&#8221; admin_label=&#8221;section&#8221; _builder_version=&#8221;4.16&#8243; background_color=&#8221;rgba(255,255,255,0)&#8221; parallax=&#8221;on&#8221; parallax_method=&#8221;off&#8221; custom_padding_tablet=&#8221;50px|0|50px|0&#8243; transparent_background=&#8221;on&#8221; padding_mobile=&#8221;off&#8221; make_fullwidth=&#8221;off&#8221; use_custom_width=&#8221;off&#8221; width_unit=&#8221;on&#8221; global_colors_info=&#8221;{}&#8221; custom_padding_phone=&#8221;50px|0|50px|0&#8243;][et_pb_row admin_label=&#8221;row&#8221; _builder_version=&#8221;4.16&#8243; background_size=&#8221;initial&#8221; background_position=&#8221;top_left&#8221; background_repeat=&#8221;repeat&#8221; global_colors_info=&#8221;{}&#8221;][et_pb_column type=&#8221;4_4&#8243; _builder_version=&#8221;4.16&#8243; custom_padding=&#8221;|||&#8221; global_colors_info=&#8221;{}&#8221; custom_padding__hover=&#8221;|||&#8221;][et_pb_text admin_label=&#8221;Text&#8221; _builder_version=&#8221;4.16&#8243; background_size=&#8221;initial&#8221; background_position=&#8221;top_left&#8221; background_repeat=&#8221;repeat&#8221; use_border_color=&#8221;off&#8221; border_color=&#8221;#ffffff&#8221; border_style=&#8221;solid&#8221; global_colors_info=&#8221;{}&#8221;]&nbsp;<\/p>\n<h2>INGENIER\u00cdA SANITARIA EN REDES PUBLICAS<\/h2>\n<p>[\/et_pb_text][\/et_pb_column][\/et_pb_row][et_pb_row admin_label=&#8221;row&#8221; _builder_version=&#8221;4.16&#8243; background_size=&#8221;initial&#8221; background_position=&#8221;top_left&#8221; background_repeat=&#8221;repeat&#8221; global_colors_info=&#8221;{}&#8221; column_structure=&#8221;1_2,1_2&#8243;][et_pb_column type=&#8221;1_2&#8243; _builder_version=&#8221;4.16&#8243; custom_padding=&#8221;|||&#8221; global_colors_info=&#8221;{}&#8221; custom_padding__hover=&#8221;|||&#8221;][et_pb_image src=&#8221;https:\/\/aqtea.cl\/wp-content\/uploads\/2016\/02\/Campamento-Chill\u00e1n_-AGUA-POTABLE.jpg&#8221; show_in_lightbox=&#8221;on&#8221; align_tablet=&#8221;center&#8221; align_last_edited=&#8221;on|desktop&#8221; admin_label=&#8221;Image&#8221; _builder_version=&#8221;4.16&#8243; animation_style=&#8221;slide&#8221; animation_direction=&#8221;left&#8221; animation_duration=&#8221;500ms&#8221; animation_intensity_slide=&#8221;10%&#8221; use_border_color=&#8221;off&#8221; border_color=&#8221;#ffffff&#8221; border_style=&#8221;solid&#8221; animation=&#8221;left&#8221; sticky=&#8221;off&#8221; always_center_on_mobile=&#8221;on&#8221; global_colors_info=&#8221;{}&#8221; align_phone=&#8221;center&#8221;][\/et_pb_image][et_pb_image src=&#8221;https:\/\/aqtea.cl\/wp-content\/uploads\/2016\/02\/Campamento-Chill\u00e1n_ALC-S1.jpg&#8221; show_in_lightbox=&#8221;on&#8221; align_tablet=&#8221;center&#8221; align_last_edited=&#8221;on|desktop&#8221; admin_label=&#8221;Image&#8221; _builder_version=&#8221;4.16&#8243; animation_style=&#8221;slide&#8221; animation_direction=&#8221;left&#8221; animation_duration=&#8221;500ms&#8221; animation_intensity_slide=&#8221;10%&#8221; use_border_color=&#8221;off&#8221; border_color=&#8221;#ffffff&#8221; border_style=&#8221;solid&#8221; animation=&#8221;left&#8221; sticky=&#8221;off&#8221; always_center_on_mobile=&#8221;on&#8221; global_colors_info=&#8221;{}&#8221; align_phone=&#8221;center&#8221;][\/et_pb_image][\/et_pb_column][et_pb_column type=&#8221;1_2&#8243; _builder_version=&#8221;4.16&#8243; custom_padding=&#8221;|||&#8221; global_colors_info=&#8221;{}&#8221; custom_padding__hover=&#8221;|||&#8221;][et_pb_text admin_label=&#8221;Text&#8221; _builder_version=&#8221;4.16&#8243; background_size=&#8221;initial&#8221; background_position=&#8221;top_left&#8221; background_repeat=&#8221;repeat&#8221; use_border_color=&#8221;off&#8221; border_color=&#8221;#ffffff&#8221; border_style=&#8221;solid&#8221; global_colors_info=&#8221;{}&#8221;]En esta \u00e1rea agrupamos a los proyectos relacionados con las soluciones sanitarias que\u00a0involucran las especialidades de\u00a0<strong><em>Agua Potable<\/em><\/strong>\u00a0<strong><em>y Aguas Servidas<\/em><\/strong>, tanto lo relacionado con redes p\u00fablica como las instalaciones domiciliarias.En esta \u00e1rea los proyectos se realizan tanto para empresas privadas como para instituciones p\u00fablicas y se aprueban en los organismos pertinentes seg\u00fan corresponda (Empresas sanitarias (Aguas Andinas, Esval, etc) o SEREMI de Salud).<\/p>\n<p>&nbsp;<\/p>\n<p>Para Agua Potable:<\/p>\n<ul>\n<li>Captaciones (subterr\u00e1neas, superficiales).<\/li>\n<li>Conducci\u00f3n, tales como Aducciones, Impulsiones.<\/li>\n<li>Tratamiento para potabilizaci\u00f3n.<\/li>\n<li>Obras de regulaci\u00f3n y almacenamiento. Dise\u00f1o de estanque de diferentes vol\u00famenes y tipo (enterrados, elevados).<\/li>\n<li>Extensiones de red.<\/li>\n<li>Loteos (redes p\u00fablicas).<\/li>\n<li>Condominios (redes privadas tipo p\u00fablica).<\/li>\n<li>Viviendas Unifamiliares.<\/li>\n<\/ul>\n<p>Para Aguas Servidas:<\/p>\n<ul>\n<li>Redes P\u00fablicas de colectores.<\/li>\n<li>Plantas Elevadoras de Aguas Servidas.<\/li>\n<li>Plantas de Tratamiento de Aguas Servidas.<\/li>\n<li>Extensiones de red.<\/li>\n<li>Loteos (redes p\u00fablicas).<\/li>\n<li>Condominios (redes privadas tipo p\u00fablica).<\/li>\n<li>Viviendas Unifamiliares.<\/li>\n<\/ul>\n<p>&nbsp;<br \/>\n[\/et_pb_text][\/et_pb_column][\/et_pb_row][\/et_pb_section][et_pb_section fb_built=&#8221;1&#8243; admin_label=&#8221;Section&#8221; _builder_version=&#8221;4.16&#8243; global_colors_info=&#8221;{}&#8221;][et_pb_row admin_label=&#8221;row&#8221; _builder_version=&#8221;4.16&#8243; background_size=&#8221;initial&#8221; background_position=&#8221;top_left&#8221; background_repeat=&#8221;repeat&#8221; global_colors_info=&#8221;{}&#8221;][et_pb_column type=&#8221;4_4&#8243; _builder_version=&#8221;4.16&#8243; custom_padding=&#8221;|||&#8221; global_colors_info=&#8221;{}&#8221; custom_padding__hover=&#8221;|||&#8221;][et_pb_text admin_label=&#8221;Text&#8221; _builder_version=&#8221;4.16&#8243; background_size=&#8221;initial&#8221; background_position=&#8221;top_left&#8221; background_repeat=&#8221;repeat&#8221; use_border_color=&#8221;off&#8221; border_color=&#8221;#ffffff&#8221; border_style=&#8221;solid&#8221; global_colors_info=&#8221;{}&#8221;]<\/p>\n<h2>Proyectos sanitarios en Redes P\u00fablicas<\/h2>\n<p>[\/et_pb_text][et_pb_text admin_label=&#8221;Text&#8221; _builder_version=&#8221;4.16&#8243; background_size=&#8221;initial&#8221; background_position=&#8221;top_left&#8221; background_repeat=&#8221;repeat&#8221; use_border_color=&#8221;off&#8221; border_color=&#8221;#ffffff&#8221; border_style=&#8221;solid&#8221; global_colors_info=&#8221;{}&#8221;]Esta \u00e1rea corresponde a proyectos de agua potable y aguas servidas, tanto para redes p\u00fablicas, como instalaciones domiciliarias y soluciones particulares.<\/p>\n<p>De esta forma en esta \u00e1rea se pueden desarrollar soluciones locales y tambi\u00e9n soluciones integrales para sistema de agua potable, que incluyen dise\u00f1os tales como: obra de captaci\u00f3n, tratamiento, impulsiones, aducciones, estanques de regulaci\u00f3n, redes de distribuci\u00f3n, etc.<\/p>\n<p>Asimismo, para las aguas servidas se incluyen proyectos como extensiones de redes de redes p\u00fablicas y tambi\u00e9n soluciones particulares para viviendas, cond\u00f3minos, industrias, etc.<\/p>\n<p>Estos proyectos se han desarrollado en diversas comunas del pa\u00eds y para distinto tipo de empresa, ya sea Centros Deportivos, Industrias, Urbanizaciones, etc.<br \/>\n[\/et_pb_text][et_pb_portfolio fullwidth=&#8221;off&#8221; include_categories=&#8221;6&#8243; admin_label=&#8221;Portfolio&#8221; _builder_version=&#8221;4.16&#8243; background_size=&#8221;initial&#8221; background_position=&#8221;top_left&#8221; background_repeat=&#8221;repeat&#8221; use_border_color=&#8221;off&#8221; border_color=&#8221;#ffffff&#8221; border_style=&#8221;solid&#8221; global_colors_info=&#8221;{}&#8221;][\/et_pb_portfolio][\/et_pb_column][\/et_pb_row][\/et_pb_section][et_pb_section fb_built=&#8221;1&#8243; admin_label=&#8221;section&#8221; _builder_version=&#8221;4.16&#8243; global_colors_info=&#8221;{}&#8221; global_module=&#8221;696&#8243; theme_builder_area=&#8221;post_content&#8221;][et_pb_row column_structure=&#8221;1_2,1_2&#8243; admin_label=&#8221;row&#8221; _builder_version=&#8221;4.16&#8243; background_size=&#8221;initial&#8221; background_position=&#8221;top_left&#8221; background_repeat=&#8221;repeat&#8221; global_colors_info=&#8221;{}&#8221; theme_builder_area=&#8221;post_content&#8221;][et_pb_column type=&#8221;1_2&#8243; _builder_version=&#8221;4.16&#8243; custom_padding=&#8221;|||&#8221; global_colors_info=&#8221;{}&#8221; custom_padding__hover=&#8221;|||&#8221; theme_builder_area=&#8221;post_content&#8221;][et_pb_text admin_label=&#8221;Text&#8221; _builder_version=&#8221;4.16&#8243; background_size=&#8221;initial&#8221; background_position=&#8221;top_left&#8221; background_repeat=&#8221;repeat&#8221; text_orientation=&#8221;center&#8221; module_alignment=&#8221;center&#8221; use_border_color=&#8221;off&#8221; border_color=&#8221;#ffffff&#8221; border_style=&#8221;solid&#8221; global_colors_info=&#8221;{}&#8221; theme_builder_area=&#8221;post_content&#8221;]<\/p>\n<h1 style=\"text-align: left;\">Cont\u00e1ctenos<\/h1>\n<p style=\"text-align: center;\">\n[\/et_pb_text][et_pb_contact_form email=&#8221;maral@aqtea.cl&#8221; custom_message=&#8221;Nombre: %%Name%%||et_pb_line_break_holder||Email: %%Email%%||et_pb_line_break_holder||Mensaje; %%Message%%&#8221; success_message=&#8221;Su mensaje ha sido enviado con \u00e9xito. Pronto lo contactaremos.&#8221; submit_button_text=&#8221;Enviar&#8221; admin_label=&#8221;Contact Form&#8221; _builder_version=&#8221;4.23.1&#8243; _unique_id=&#8221;a666c252-964e-4d87-8f93-704ed67ab4e0&#8243; use_border_color=&#8221;off&#8221; border_color=&#8221;#ffffff&#8221; border_style=&#8221;solid&#8221; global_colors_info=&#8221;{}&#8221; theme_builder_area=&#8221;post_content&#8221;][et_pb_contact_field field_id=&#8221;Name&#8221; field_title=&#8221;Nombre&#8221; _builder_version=&#8221;4.23.1&#8243; global_colors_info=&#8221;{}&#8221; button_text_size__hover_enabled=&#8221;off&#8221; button_one_text_size__hover_enabled=&#8221;off&#8221; button_two_text_size__hover_enabled=&#8221;off&#8221; button_text_color__hover_enabled=&#8221;off&#8221; button_one_text_color__hover_enabled=&#8221;off&#8221; button_two_text_color__hover_enabled=&#8221;off&#8221; button_border_width__hover_enabled=&#8221;off&#8221; button_one_border_width__hover_enabled=&#8221;off&#8221; button_two_border_width__hover_enabled=&#8221;off&#8221; button_border_color__hover_enabled=&#8221;off&#8221; button_one_border_color__hover_enabled=&#8221;off&#8221; button_two_border_color__hover_enabled=&#8221;off&#8221; button_border_radius__hover_enabled=&#8221;off&#8221; button_one_border_radius__hover_enabled=&#8221;off&#8221; button_two_border_radius__hover_enabled=&#8221;off&#8221; button_letter_spacing__hover_enabled=&#8221;off&#8221; button_one_letter_spacing__hover_enabled=&#8221;off&#8221; button_two_letter_spacing__hover_enabled=&#8221;off&#8221; button_bg_color__hover_enabled=&#8221;off&#8221; button_one_bg_color__hover_enabled=&#8221;off&#8221; button_two_bg_color__hover_enabled=&#8221;off&#8221; theme_builder_area=&#8221;post_content&#8221;][\/et_pb_contact_field][et_pb_contact_field field_id=&#8221;Email&#8221; field_title=&#8221;Email&#8221; field_type=&#8221;email&#8221; _builder_version=&#8221;4.23.1&#8243; global_colors_info=&#8221;{}&#8221; button_text_size__hover_enabled=&#8221;off&#8221; button_one_text_size__hover_enabled=&#8221;off&#8221; button_two_text_size__hover_enabled=&#8221;off&#8221; button_text_color__hover_enabled=&#8221;off&#8221; button_one_text_color__hover_enabled=&#8221;off&#8221; button_two_text_color__hover_enabled=&#8221;off&#8221; button_border_width__hover_enabled=&#8221;off&#8221; button_one_border_width__hover_enabled=&#8221;off&#8221; button_two_border_width__hover_enabled=&#8221;off&#8221; button_border_color__hover_enabled=&#8221;off&#8221; button_one_border_color__hover_enabled=&#8221;off&#8221; button_two_border_color__hover_enabled=&#8221;off&#8221; button_border_radius__hover_enabled=&#8221;off&#8221; button_one_border_radius__hover_enabled=&#8221;off&#8221; button_two_border_radius__hover_enabled=&#8221;off&#8221; button_letter_spacing__hover_enabled=&#8221;off&#8221; button_one_letter_spacing__hover_enabled=&#8221;off&#8221; button_two_letter_spacing__hover_enabled=&#8221;off&#8221; button_bg_color__hover_enabled=&#8221;off&#8221; button_one_bg_color__hover_enabled=&#8221;off&#8221; button_two_bg_color__hover_enabled=&#8221;off&#8221; theme_builder_area=&#8221;post_content&#8221;][\/et_pb_contact_field][et_pb_contact_field field_id=&#8221;Message&#8221; field_title=&#8221;Mensaje&#8221; field_type=&#8221;text&#8221; fullwidth_field=&#8221;on&#8221; _builder_version=&#8221;4.23.1&#8243; global_colors_info=&#8221;{}&#8221; button_text_size__hover_enabled=&#8221;off&#8221; button_one_text_size__hover_enabled=&#8221;off&#8221; button_two_text_size__hover_enabled=&#8221;off&#8221; button_text_color__hover_enabled=&#8221;off&#8221; button_one_text_color__hover_enabled=&#8221;off&#8221; button_two_text_color__hover_enabled=&#8221;off&#8221; button_border_width__hover_enabled=&#8221;off&#8221; button_one_border_width__hover_enabled=&#8221;off&#8221; button_two_border_width__hover_enabled=&#8221;off&#8221; button_border_color__hover_enabled=&#8221;off&#8221; button_one_border_color__hover_enabled=&#8221;off&#8221; button_two_border_color__hover_enabled=&#8221;off&#8221; button_border_radius__hover_enabled=&#8221;off&#8221; button_one_border_radius__hover_enabled=&#8221;off&#8221; button_two_border_radius__hover_enabled=&#8221;off&#8221; button_letter_spacing__hover_enabled=&#8221;off&#8221; button_one_letter_spacing__hover_enabled=&#8221;off&#8221; button_two_letter_spacing__hover_enabled=&#8221;off&#8221; button_bg_color__hover_enabled=&#8221;off&#8221; button_one_bg_color__hover_enabled=&#8221;off&#8221; button_two_bg_color__hover_enabled=&#8221;off&#8221; theme_builder_area=&#8221;post_content&#8221;][\/et_pb_contact_field][\/et_pb_contact_form][\/et_pb_column][et_pb_column type=&#8221;1_2&#8243; _builder_version=&#8221;4.16&#8243; custom_padding=&#8221;|||&#8221; global_colors_info=&#8221;{}&#8221; custom_padding__hover=&#8221;|||&#8221; theme_builder_area=&#8221;post_content&#8221;][et_pb_text admin_label=&#8221;Text&#8221; _builder_version=&#8221;4.23.1&#8243; background_size=&#8221;initial&#8221; background_position=&#8221;top_left&#8221; background_repeat=&#8221;repeat&#8221; use_border_color=&#8221;off&#8221; border_color=&#8221;#ffffff&#8221; border_style=&#8221;solid&#8221; global_colors_info=&#8221;{}&#8221; theme_builder_area=&#8221;post_content&#8221;]<\/p>\n<h3>M\u00e1s Informaci\u00f3n<\/h3>\n<p><strong>Horario de atenci\u00f3n:<\/strong> 9:00 am-17:00 pm<\/p>\n<p>[\/et_pb_text][\/et_pb_column][\/et_pb_row][\/et_pb_section]<\/p>\n","protected":false},"excerpt":{"rendered":"<p>&nbsp; INGENIER\u00cdA SANITARIA EN REDES PUBLICAS En esta \u00e1rea agrupamos a los proyectos relacionados con las soluciones sanitarias que\u00a0involucran las especialidades de\u00a0Agua Potable\u00a0y Aguas Servidas, tanto lo relacionado con redes p\u00fablica como las instalaciones domiciliarias.En esta \u00e1rea los proyectos se realizan tanto para empresas privadas como para instituciones p\u00fablicas y se aprueban en los organismos [&hellip;]<\/p>\n","protected":false},"author":1,"featured_media":0,"parent":0,"menu_order":0,"comment_status":"open","ping_status":"closed","template":"","meta":{"_et_pb_use_builder":"on","_et_pb_old_content":"<p>[et_pb_section admin_label=\"section\" background_color=\"#ffffff\" inner_shadow=\"off\" parallax=\"on\" transparent_background=\"off\" allow_player_pause=\"off\" parallax_method=\"off\" padding_mobile=\"off\" make_fullwidth=\"off\" use_custom_width=\"off\" width_unit=\"on\" make_equal=\"off\" use_custom_gutter=\"off\"][et_pb_row admin_label=\"row\"][et_pb_column type=\"4_4\"][et_pb_text admin_label=\"Text\" background_layout=\"light\" text_orientation=\"left\" use_border_color=\"off\" border_color=\"#ffffff\" border_style=\"solid\"]<\/p><h2>INGENIER\u00cdA VIAL\u00a0DE ACCESOS Y PRIVADA<\/h2><p>[\/et_pb_text][\/et_pb_column][\/et_pb_row][et_pb_row admin_label=\"row\"][et_pb_column type=\"1_2\"][et_pb_image admin_label=\"Image\" src=\"http:\/\/www.minimalmaqueta.cl\/aqtea\/wp-content\/uploads\/2016\/02\/movicenter.png\" show_in_lightbox=\"on\" url_new_window=\"off\" animation=\"left\" sticky=\"off\" align=\"left\" force_fullwidth=\"off\" always_center_on_mobile=\"on\" use_border_color=\"off\" border_color=\"#ffffff\" border_style=\"solid\"] [\/et_pb_image][\/et_pb_column][et_pb_column type=\"1_2\"][et_pb_text admin_label=\"Text\" background_layout=\"light\" text_orientation=\"left\" use_border_color=\"off\" border_color=\"#ffffff\" border_style=\"solid\"]<\/p><p>Se refiere a aquellos proyectos desarrollados al interior de la propiedad.<\/p><p>Por lo tanto en este \u00e1mbito se consideran industrias, centros comerciales, supermercados, centros deportivos y para cualquier otro tipo de empresa. En este tipo de proyectos ponemos el \u00e9nfasis en la coordinaci\u00f3n con Arquitectura y con otras especialidades, de modo de adaptar nuestras soluciones a las necesidades y requerimientos del cliente. Entre los tipos de proyectos que realizamos est\u00e1n:<\/p><p>\u00a0<\/p><ul><li>Proyectos de Pavimentaci\u00f3n Interior: Estacionamientos, Patio de Camiones, Calles Interiores, etc. A nivel de Anteproyecto podemos analizar diferentes tipos de materiales (Asfalto, Hormig\u00f3n, Adocreto, Adoquines, etc).<\/li><li>Proyectos de Aguas lluvias. De acuerdo a la normativa vigente la soluci\u00f3n de aguas lluvia debe realizarse al interior de la propiedad. Cada proyecto incluye un an\u00e1lisis general de la propiedad respecto a las \u00e1reas tributarias y tipos de superficie proyectados y\/o existentes en el recinto, ya sean pavimentos, techumbres, \u00e1reas verdes, etc. \u00a0Las soluciones incluyen sistemas de captaci\u00f3n, conducci\u00f3n y disposici\u00f3n final, \u00a0seg\u00fan lo establecido en el Manual: \u201cT\u00e9cnicas Alternativas para Soluciones de Aguas Lluvias en Sectores Urbanos. Gu\u00eda de Dise\u00f1o\u201d. MINVU. 1996. En general ser\u00e1n obra de infiltraci\u00f3n (zanjas, pozos, etc) u alguna otra que se adapte a las condiciones del terreno.<\/li><li>Movimiento de tierras. Relacionados con todas las obras a realizar en un proyecto, ya sea edificios, pavimentos, estanques, etc.<\/li><\/ul><p>[\/et_pb_text][\/et_pb_column][\/et_pb_row][et_pb_row admin_label=\"row\"][et_pb_column type=\"1_4\"][et_pb_blurb admin_label=\"Blurb\" title=\"Ac\u00e1 van los productos\" url_new_window=\"off\" animation=\"top\" background_layout=\"dark\" text_orientation=\"center\" use_icon=\"on\" use_circle=\"on\" circle_color=\"#0d2035\" use_circle_border=\"off\" circle_border_color=\"#2caaca\" icon_placement=\"top\" font_icon=\"%%93%%\" icon_color=\"#dd3333\" use_icon_font_size=\"off\" use_border_color=\"off\" border_color=\"#ffffff\" border_style=\"solid\"]<\/p><p>Divi will change the way you build websites forever. The advanced page builder makes it possible to build truly dynamic pages without learning code.<\/p><p>[\/et_pb_blurb][\/et_pb_column][et_pb_column type=\"1_4\"][et_pb_blurb admin_label=\"Blurb\" title=\"Key Elements\" url_new_window=\"off\" animation=\"top\" background_layout=\"dark\" text_orientation=\"center\" use_icon=\"on\" use_circle=\"on\" circle_color=\"#0d2035\" use_circle_border=\"off\" circle_border_color=\"#2caaca\" icon_placement=\"top\" font_icon=\"\ue001\" icon_color=\"#2ad4e0\"]<\/p><p>The builder comes packed with tons of great modules, and more are on the way! Combine and arrange them in any order. The possibilities are countless.<\/p><p>[\/et_pb_blurb][\/et_pb_column][et_pb_column type=\"1_4\"][et_pb_blurb admin_label=\"Blurb\" title=\"Target Audience\" url_new_window=\"off\" animation=\"top\" background_layout=\"dark\" text_orientation=\"center\" use_icon=\"on\" icon_color=\"#9633e8\" use_circle=\"on\" circle_color=\"#0d2035\" use_circle_border=\"off\" circle_border_color=\"#2caaca\" icon_placement=\"top\" font_icon=\"\ue0f5\"]<\/p><p>Divi\u2019s layout has been designed with mobile devices in mind. No matter how you use it, and no matter how you view it, your website is going to look great.<\/p><p>[\/et_pb_blurb][\/et_pb_column][et_pb_column type=\"1_4\"][et_pb_blurb admin_label=\"Blurb\" title=\"Strategy\" url_new_window=\"off\" image=\"http:\/\/elegantthemes.com\/preview\/Divi2\/wp-content\/uploads\/2014\/04\/blurb-icon-updates.png\" animation=\"top\" background_layout=\"dark\" text_orientation=\"center\" use_icon=\"on\" icon_color=\"#d85fd6\" use_circle=\"on\" circle_color=\"#0d2035\" use_circle_border=\"off\" circle_border_color=\"#2caaca\" icon_placement=\"top\" font_icon=\"\ue0f8\"]<\/p><p>Divi is here to stay, and you can rest easy knowing that our team will be updating and improving it for years to come. Build on top of a powerful foundation.<\/p><p>[\/et_pb_blurb][\/et_pb_column][\/et_pb_row][\/et_pb_section]<\/p>","_et_gb_content_width":"","footnotes":""},"_links":{"self":[{"href":"https:\/\/aqtea.cl\/index.php?rest_route=\/wp\/v2\/pages\/323"}],"collection":[{"href":"https:\/\/aqtea.cl\/index.php?rest_route=\/wp\/v2\/pages"}],"about":[{"href":"https:\/\/aqtea.cl\/index.php?rest_route=\/wp\/v2\/types\/page"}],"author":[{"embeddable":true,"href":"https:\/\/aqtea.cl\/index.php?rest_route=\/wp\/v2\/users\/1"}],"replies":[{"embeddable":true,"href":"https:\/\/aqtea.cl\/index.php?rest_route=%2Fwp%2Fv2%2Fcomments&post=323"}],"version-history":[{"count":9,"href":"https:\/\/aqtea.cl\/index.php?rest_route=\/wp\/v2\/pages\/323\/revisions"}],"predecessor-version":[{"id":704,"href":"https:\/\/aqtea.cl\/index.php?rest_route=\/wp\/v2\/pages\/323\/revisions\/704"}],"wp:attachment":[{"href":"https:\/\/aqtea.cl\/index.php?rest_route=%2Fwp%2Fv2%2Fmedia&parent=323"}],"curies":[{"name":"wp","href":"https:\/\/api.w.org\/{rel}","templated":true}]}}